{"id":963,"date":"2025-11-08T00:42:48","date_gmt":"2025-11-08T00:42:48","guid":{"rendered":"https:\/\/trivomex.com.mx\/?page_id=963"},"modified":"2025-11-08T01:09:13","modified_gmt":"2025-11-08T01:09:13","slug":"productos","status":"publish","type":"page","link":"https:\/\/trivomex.com.mx\/?page_id=963","title":{"rendered":"PRODUCTOS"},"content":{"rendered":"            <div id=\"product_listing\" class=\"post-963 page type-page status-publish hentry al_product responsive\">\n            <div class=\"ic-catalog-container\"><div id=\"product_filters_bar\" class=\"product-sort-bar green-box ic-design \"><div id=\"block-31\" class=\"filter-widget widget_block product-search-widget\"><div class=\"widget product_search search widget_search\">    <form role=\"search\" class=\"green-box ic-design\" method=\"get\"\n          id=\"product_search_form\" action=\"https:\/\/trivomex.com.mx\/\">\n\t\t<input type=\"hidden\" name=\"post_type\" value=\"al_product\" \/>        <div class=\"ic-search-container\">\n\t\t\t            <input class=\"product-search-box\" type=\"search\" value=\"\" name=\"s\"\n                   placeholder=\"B\u00fasqueda de productos\"\/>\n            <input class=\"product-search-submit\" type=\"submit\" id=\"searchsubmit\"\n                   value=\"\"\/>\n        <\/div>\n    <\/form>\n\t<\/div><\/div><div id=\"block-32\" class=\"filter-widget widget_block product-sort-filter\"><div class=\"widget product_sort_filter\"><form class=\"product_order ic_ajax \" data-ic_responsive_label=\"Ordenar por\" data-ic_ajax=\"product_order\" action=\"\"><select class=\"product_order_selector ic_self_submit\" name=\"product_order\"><option value=\"newest\"  selected='selected'>Ordenar por m\u00e1s nuevos<\/option><option value=\"product-name\" >Ordenar por nombre<\/option><\/select><input type=\"hidden\" value=\"\/wp\/v2\/pages\/963\" name=\"rest_route\" \/><\/form><\/div><\/div><div id=\"block-33\" class=\"filter-widget widget_block product-price-filter\"><div style=\"padding: 20px 10px\">Filtro de Precio de Cat\u00e1logos solo aparecer\u00e1 en la portada si hay algo disponible en el contexto.<\/div><\/div><div id=\"block-34\" class=\"filter-widget widget_block product-category-filter\"><div style=\"padding: 20px 10px\">Filtro de categor\u00eda de cat\u00e1logo solo aparecer\u00e1 en la portada si hay algo disponible en el contexto.<\/div><\/div><div class=\"clear-both\"><\/div><\/div><div class=\"product-list grid \" >    <div class=\"archive-listing product-1089 classic-grid publish no-price first\">\n        <a href=\"https:\/\/trivomex.com.mx\/?producto-petreo=gravilla-o-grava-de-3-8\">\n            <div class=\"classic-grid-image-wrapper\">\n                <div class=\"pseudo\"><\/div>\n                <div class=\"image\"><img loading=\"lazy\" decoding=\"async\" width=\"418\" height=\"418\" src=\"https:\/\/trivomex.com.mx\/wp-content\/uploads\/2025\/12\/Gravilla-o-Grava-de-38.fw_.png\" class=\"classic-grid-image\" alt=\"Gravilla o Grava de 3\/8\u00a0Tezontle\" srcset=\"https:\/\/trivomex.com.mx\/wp-content\/uploads\/2025\/12\/Gravilla-o-Grava-de-38.fw_.png 418w, https:\/\/trivomex.com.mx\/wp-content\/uploads\/2025\/12\/Gravilla-o-Grava-de-38.fw_-300x300.png 300w, https:\/\/trivomex.com.mx\/wp-content\/uploads\/2025\/12\/Gravilla-o-Grava-de-38.fw_-150x150.png 150w, https:\/\/trivomex.com.mx\/wp-content\/uploads\/2025\/12\/Gravilla-o-Grava-de-38.fw_-160x160.png 160w\" sizes=\"auto, (max-width: 418px) 100vw, 418px\" \/><\/div>\n            <\/div>\n            <h3 class=\"product-name\">Gravilla o Grava de 3\/8\u00a0Tezontle<\/h3>\t\t\t        <\/a>\n\t\t    <\/div>\n\n    <div class=\"archive-listing product-1087 classic-grid publish no-price middle\">\n        <a href=\"https:\/\/trivomex.com.mx\/?producto-petreo=arena-de-tezontle\">\n            <div class=\"classic-grid-image-wrapper\">\n                <div class=\"pseudo\"><\/div>\n                <div class=\"image\"><img loading=\"lazy\" decoding=\"async\" width=\"418\" height=\"418\" src=\"https:\/\/trivomex.com.mx\/wp-content\/uploads\/2025\/12\/Arena-de-Tezontle.fw_.png\" class=\"classic-grid-image\" alt=\"Arena de Tezontle\" srcset=\"https:\/\/trivomex.com.mx\/wp-content\/uploads\/2025\/12\/Arena-de-Tezontle.fw_.png 418w, https:\/\/trivomex.com.mx\/wp-content\/uploads\/2025\/12\/Arena-de-Tezontle.fw_-300x300.png 300w, https:\/\/trivomex.com.mx\/wp-content\/uploads\/2025\/12\/Arena-de-Tezontle.fw_-150x150.png 150w, https:\/\/trivomex.com.mx\/wp-content\/uploads\/2025\/12\/Arena-de-Tezontle.fw_-160x160.png 160w\" sizes=\"auto, (max-width: 418px) 100vw, 418px\" \/><\/div>\n            <\/div>\n            <h3 class=\"product-name\">Arena de Tezontle<\/h3>\t\t\t        <\/a>\n\t\t    <\/div>\n\n    <div class=\"archive-listing product-1027 classic-grid publish no-price last\">\n        <a href=\"https:\/\/trivomex.com.mx\/?producto-petreo=piedra\">\n            <div class=\"classic-grid-image-wrapper\">\n                <div class=\"pseudo\"><\/div>\n                <div class=\"image\"><img loading=\"lazy\" decoding=\"async\" width=\"418\" height=\"418\" src=\"https:\/\/trivomex.com.mx\/wp-content\/uploads\/2025\/11\/Piedra-Andesita.fw_-1.png\" class=\"classic-grid-image\" alt=\"Piedra de Andesita\" srcset=\"https:\/\/trivomex.com.mx\/wp-content\/uploads\/2025\/11\/Piedra-Andesita.fw_-1.png 418w, https:\/\/trivomex.com.mx\/wp-content\/uploads\/2025\/11\/Piedra-Andesita.fw_-1-300x300.png 300w, https:\/\/trivomex.com.mx\/wp-content\/uploads\/2025\/11\/Piedra-Andesita.fw_-1-150x150.png 150w, https:\/\/trivomex.com.mx\/wp-content\/uploads\/2025\/11\/Piedra-Andesita.fw_-1-160x160.png 160w\" sizes=\"auto, (max-width: 418px) 100vw, 418px\" \/><\/div>\n            <\/div>\n            <h3 class=\"product-name\">Piedra de Andesita<\/h3>\t\t\t        <\/a>\n\t\t    <\/div>\n\n    <div class=\"archive-listing product-1026 classic-grid publish no-price first\">\n        <a href=\"https:\/\/trivomex.com.mx\/?producto-petreo=grava-3-4\">\n            <div class=\"classic-grid-image-wrapper\">\n                <div class=\"pseudo\"><\/div>\n                <div class=\"image\"><img loading=\"lazy\" decoding=\"async\" width=\"418\" height=\"418\" src=\"https:\/\/trivomex.com.mx\/wp-content\/uploads\/2025\/11\/Graba.34.fw_.png\" class=\"classic-grid-image\" alt=\"Grava 3\/4 Andesita\" srcset=\"https:\/\/trivomex.com.mx\/wp-content\/uploads\/2025\/11\/Graba.34.fw_.png 418w, https:\/\/trivomex.com.mx\/wp-content\/uploads\/2025\/11\/Graba.34.fw_-300x300.png 300w, https:\/\/trivomex.com.mx\/wp-content\/uploads\/2025\/11\/Graba.34.fw_-150x150.png 150w, https:\/\/trivomex.com.mx\/wp-content\/uploads\/2025\/11\/Graba.34.fw_-160x160.png 160w\" sizes=\"auto, (max-width: 418px) 100vw, 418px\" \/><\/div>\n            <\/div>\n            <h3 class=\"product-name\">Grava 3\/4 Andesita<\/h3>\t\t\t        <\/a>\n\t\t    <\/div>\n\n    <div class=\"archive-listing product-1025 classic-grid publish no-price middle\">\n        <a href=\"https:\/\/trivomex.com.mx\/?producto-petreo=grava-3-8\">\n            <div class=\"classic-grid-image-wrapper\">\n                <div class=\"pseudo\"><\/div>\n                <div class=\"image\"><img loading=\"lazy\" decoding=\"async\" width=\"418\" height=\"418\" src=\"https:\/\/trivomex.com.mx\/wp-content\/uploads\/2025\/11\/Graba.38.fw_.png\" class=\"classic-grid-image\" alt=\"Grava 3\/8 Andesita\" srcset=\"https:\/\/trivomex.com.mx\/wp-content\/uploads\/2025\/11\/Graba.38.fw_.png 418w, https:\/\/trivomex.com.mx\/wp-content\/uploads\/2025\/11\/Graba.38.fw_-300x300.png 300w, https:\/\/trivomex.com.mx\/wp-content\/uploads\/2025\/11\/Graba.38.fw_-150x150.png 150w, https:\/\/trivomex.com.mx\/wp-content\/uploads\/2025\/11\/Graba.38.fw_-160x160.png 160w\" sizes=\"auto, (max-width: 418px) 100vw, 418px\" \/><\/div>\n            <\/div>\n            <h3 class=\"product-name\">Grava 3\/8 Andesita<\/h3>\t\t\t        <\/a>\n\t\t    <\/div>\n\n    <div class=\"archive-listing product-1022 classic-grid publish no-price last\">\n        <a href=\"https:\/\/trivomex.com.mx\/?producto-petreo=grava-3-4-arena\">\n            <div class=\"classic-grid-image-wrapper\">\n                <div class=\"pseudo\"><\/div>\n                <div class=\"image\"><img loading=\"lazy\" decoding=\"async\" width=\"418\" height=\"418\" src=\"https:\/\/trivomex.com.mx\/wp-content\/uploads\/2025\/11\/Grava-Arena.fw_.png\" class=\"classic-grid-image\" alt=\"Grava Arena Andesita\" srcset=\"https:\/\/trivomex.com.mx\/wp-content\/uploads\/2025\/11\/Grava-Arena.fw_.png 418w, https:\/\/trivomex.com.mx\/wp-content\/uploads\/2025\/11\/Grava-Arena.fw_-300x300.png 300w, https:\/\/trivomex.com.mx\/wp-content\/uploads\/2025\/11\/Grava-Arena.fw_-150x150.png 150w, https:\/\/trivomex.com.mx\/wp-content\/uploads\/2025\/11\/Grava-Arena.fw_-160x160.png 160w\" sizes=\"auto, (max-width: 418px) 100vw, 418px\" \/><\/div>\n            <\/div>\n            <h3 class=\"product-name\">Grava Arena Andesita<\/h3>\t\t\t        <\/a>\n\t\t    <\/div>\n\n    <div class=\"archive-listing product-968 classic-grid publish no-price first\">\n        <a href=\"https:\/\/trivomex.com.mx\/?producto-petreo=arena-de-andesita\">\n            <div class=\"classic-grid-image-wrapper\">\n                <div class=\"pseudo\"><\/div>\n                <div class=\"image\"><img loading=\"lazy\" decoding=\"async\" width=\"418\" height=\"418\" src=\"https:\/\/trivomex.com.mx\/wp-content\/uploads\/2025\/11\/Arena.fw_.png\" class=\"classic-grid-image\" alt=\"Arena de Andesita\" srcset=\"https:\/\/trivomex.com.mx\/wp-content\/uploads\/2025\/11\/Arena.fw_.png 418w, https:\/\/trivomex.com.mx\/wp-content\/uploads\/2025\/11\/Arena.fw_-300x300.png 300w, https:\/\/trivomex.com.mx\/wp-content\/uploads\/2025\/11\/Arena.fw_-150x150.png 150w, https:\/\/trivomex.com.mx\/wp-content\/uploads\/2025\/11\/Arena.fw_-160x160.png 160w\" sizes=\"auto, (max-width: 418px) 100vw, 418px\" \/><\/div>\n            <\/div>\n            <h3 class=\"product-name\">Arena de Andesita<\/h3>\t\t\t        <\/a>\n\t\t    <\/div>\n\n    <div class=\"archive-listing product-964 classic-grid publish no-price middle\">\n        <a href=\"https:\/\/trivomex.com.mx\/?producto-petreo=tepetate\">\n            <div class=\"classic-grid-image-wrapper\">\n                <div class=\"pseudo\"><\/div>\n                <div class=\"image\"><img loading=\"lazy\" decoding=\"async\" width=\"418\" height=\"418\" src=\"https:\/\/trivomex.com.mx\/wp-content\/uploads\/2025\/11\/Grava-34-de-tezontle.fw_.png\" class=\"classic-grid-image\" alt=\"Grava 3\/4 \u201c de tezontle\" srcset=\"https:\/\/trivomex.com.mx\/wp-content\/uploads\/2025\/11\/Grava-34-de-tezontle.fw_.png 418w, https:\/\/trivomex.com.mx\/wp-content\/uploads\/2025\/11\/Grava-34-de-tezontle.fw_-300x300.png 300w, https:\/\/trivomex.com.mx\/wp-content\/uploads\/2025\/11\/Grava-34-de-tezontle.fw_-150x150.png 150w, https:\/\/trivomex.com.mx\/wp-content\/uploads\/2025\/11\/Grava-34-de-tezontle.fw_-160x160.png 160w\" sizes=\"auto, (max-width: 418px) 100vw, 418px\" \/><\/div>\n            <\/div>\n            <h3 class=\"product-name\">Grava 3\/4 \u201c de tezontle<\/h3>\t\t\t        <\/a>\n\t\t    <\/div>\n\n<\/div>    <span class=\"clear\"><\/span>\n    <\/div>            <\/div>\n            \n","protected":false},"excerpt":{"rendered":"","protected":false},"author":1,"featured_media":0,"parent":0,"menu_order":0,"comment_status":"closed","ping_status":"closed","template":"","meta":{"footnotes":""},"class_list":["post-963","page","type-page","status-publish","hentry"],"blocksy_meta":[],"_links":{"self":[{"href":"https:\/\/trivomex.com.mx\/index.php?rest_route=\/wp\/v2\/pages\/963","targetHints":{"allow":["GET"]}}],"collection":[{"href":"https:\/\/trivomex.com.mx\/index.php?rest_route=\/wp\/v2\/pages"}],"about":[{"href":"https:\/\/trivomex.com.mx\/index.php?rest_route=\/wp\/v2\/types\/page"}],"author":[{"embeddable":true,"href":"https:\/\/trivomex.com.mx\/index.php?rest_route=\/wp\/v2\/users\/1"}],"replies":[{"embeddable":true,"href":"https:\/\/trivomex.com.mx\/index.php?rest_route=%2Fwp%2Fv2%2Fcomments&post=963"}],"version-history":[{"count":1,"href":"https:\/\/trivomex.com.mx\/index.php?rest_route=\/wp\/v2\/pages\/963\/revisions"}],"predecessor-version":[{"id":970,"href":"https:\/\/trivomex.com.mx\/index.php?rest_route=\/wp\/v2\/pages\/963\/revisions\/970"}],"wp:attachment":[{"href":"https:\/\/trivomex.com.mx\/index.php?rest_route=%2Fwp%2Fv2%2Fmedia&parent=963"}],"curies":[{"name":"wp","href":"https:\/\/api.w.org\/{rel}","templated":true}]}}